{"id":1242,"date":"2021-04-20T08:11:45","date_gmt":"2021-04-20T06:11:45","guid":{"rendered":"https:\/\/tourisme.rochefoucauld-perigord.fr\/?page_id=1242"},"modified":"2022-03-22T10:10:33","modified_gmt":"2022-03-22T09:10:33","slug":"submit-your-event","status":"publish","type":"page","link":"https:\/\/tourisme.rochefoucauld-perigord.fr\/en\/submit-your-event\/","title":{"rendered":"Submit your event"},"content":{"rendered":"<h3 id=\"tw-target-text\" class=\"tw-data-text tw-text-large XcVN5d tw-ta\" dir=\"ltr\" data-placeholder=\"Traduction\"><span class=\"Y2IQFc\" lang=\"en\">Enter your event online<\/span><\/h3>\n<p>You organize a show, a bric \u00e0 brac, a village party, an exhibition, a visit or other, on <strong>one of the communes of the Communaut\u00e9 de communes La Rochefoucauld Porte du P\u00e9rigord<\/strong>, but this event is not referenced in <a href=\"https:\/\/tourisme.rochefoucauld-perigord.fr\/agenda\/\">our agenda<\/a>?<\/p>\n<p><strong>Fill out the form below, several days before your event,<\/strong> making sure to fill in the fields you requested<strong>. <\/strong><\/p>\n<p>The Tourist Office La Rochefoucauld lez P\u00e9rigord will report your event on <strong>all its communication materials <\/strong>and<strong> press contacts.<\/strong><\/p>\n<p>&nbsp;<\/p>\n<p><iframe style=\"width: 100%; height: 3300px;\" src=\"https:\/\/event.apidae-tourisme.com\/?territoire=5626045&amp;contactObligatoire=1&amp;TourismeAdapte=1&amp;mm=1\" frameborder=\"0\"><\/iframe><\/p>\n","protected":false},"excerpt":{"rendered":"<p>Enter your event online You organize a show, a bric \u00e0 brac, a village party, an exhibition,&#8230;<\/p>\n","protected":false},"author":2,"featured_media":1000,"parent":0,"menu_order":20,"comment_status":"closed","ping_status":"closed","template":"","meta":{"_acf_changed":false,"_monsterinsights_skip_tracking":false,"_monsterinsights_sitenote_active":false,"_monsterinsights_sitenote_note":"","_monsterinsights_sitenote_category":0,"footnotes":""},"class_list":["post-1242","page","type-page","status-publish","has-post-thumbnail","hentry"],"acf":[],"yoast_head":"<!-- This site is optimized with the Yoast SEO plugin v27.4 - https:\/\/yoast.com\/product\/yoast-seo-wordpress\/ -->\n<title>Submit your event - La Rochefoucauld (EN)<\/title>\n<meta name=\"description\" content=\"Organizer of events on La Rochefoucauld Porte du P\u00e9rigord, fill out a form online to appear on the website.\" \/>\n<meta name=\"robots\" content=\"index, follow, max-snippet:-1, max-image-preview:large, max-video-preview:-1\" \/>\n<link rel=\"canonical\" href=\"https:\/\/preprod-tourisme.rochefoucauld-perigord.fr\/en\/submit-your-event\/\" \/>\n<meta property=\"og:locale\" content=\"en_GB\" \/>\n<meta property=\"og:type\" content=\"article\" \/>\n<meta property=\"og:title\" content=\"Submit your event - La Rochefoucauld (EN)\" \/>\n<meta property=\"og:description\" content=\"Organizer of events on La Rochefoucauld Porte du P\u00e9rigord, fill out a form online to appear on the website.\" \/>\n<meta property=\"og:url\" content=\"https:\/\/preprod-tourisme.rochefoucauld-perigord.fr\/en\/submit-your-event\/\" \/>\n<meta property=\"og:site_name\" content=\"La Rochefoucauld (EN)\" \/>\n<meta property=\"article:modified_time\" content=\"2022-03-22T09:10:33+00:00\" \/>\n<meta property=\"og:image\" content=\"https:\/\/preprod-tourisme.rochefoucauld-perigord.fr\/en\/wp-content\/uploads\/sites\/2\/2021\/03\/agenda.jpg\" \/>\n\t<meta property=\"og:image:width\" content=\"2309\" \/>\n\t<meta property=\"og:image:height\" content=\"1732\" \/>\n\t<meta property=\"og:image:type\" content=\"image\/jpeg\" \/>\n<meta name=\"twitter:card\" content=\"summary_large_image\" \/>\n<meta name=\"twitter:label1\" content=\"Estimated reading time\" \/>\n\t<meta name=\"twitter:data1\" content=\"1 minute\" \/>\n<script type=\"application\/ld+json\" class=\"yoast-schema-graph\">{\"@context\":\"https:\\\/\\\/schema.org\",\"@graph\":[{\"@type\":\"WebPage\",\"@id\":\"https:\\\/\\\/preprod-tourisme.rochefoucauld-perigord.fr\\\/en\\\/submit-your-event\\\/\",\"url\":\"https:\\\/\\\/preprod-tourisme.rochefoucauld-perigord.fr\\\/en\\\/submit-your-event\\\/\",\"name\":\"Submit your event - La Rochefoucauld (EN)\",\"isPartOf\":{\"@id\":\"https:\\\/\\\/tourisme.rochefoucauld-perigord.fr\\\/en\\\/#website\"},\"primaryImageOfPage\":{\"@id\":\"https:\\\/\\\/preprod-tourisme.rochefoucauld-perigord.fr\\\/en\\\/submit-your-event\\\/#primaryimage\"},\"image\":{\"@id\":\"https:\\\/\\\/preprod-tourisme.rochefoucauld-perigord.fr\\\/en\\\/submit-your-event\\\/#primaryimage\"},\"thumbnailUrl\":\"https:\\\/\\\/tourisme.rochefoucauld-perigord.fr\\\/en\\\/wp-content\\\/uploads\\\/sites\\\/2\\\/2021\\\/03\\\/agenda.jpg\",\"datePublished\":\"2021-04-20T06:11:45+00:00\",\"dateModified\":\"2022-03-22T09:10:33+00:00\",\"description\":\"Organizer of events on La Rochefoucauld Porte du P\u00e9rigord, fill out a form online to appear on the website.\",\"inLanguage\":\"en-GB\",\"potentialAction\":[{\"@type\":\"ReadAction\",\"target\":[\"https:\\\/\\\/preprod-tourisme.rochefoucauld-perigord.fr\\\/en\\\/submit-your-event\\\/\"]}]},{\"@type\":\"ImageObject\",\"inLanguage\":\"en-GB\",\"@id\":\"https:\\\/\\\/preprod-tourisme.rochefoucauld-perigord.fr\\\/en\\\/submit-your-event\\\/#primaryimage\",\"url\":\"https:\\\/\\\/tourisme.rochefoucauld-perigord.fr\\\/en\\\/wp-content\\\/uploads\\\/sites\\\/2\\\/2021\\\/03\\\/agenda.jpg\",\"contentUrl\":\"https:\\\/\\\/tourisme.rochefoucauld-perigord.fr\\\/en\\\/wp-content\\\/uploads\\\/sites\\\/2\\\/2021\\\/03\\\/agenda.jpg\",\"width\":2309,\"height\":1732},{\"@type\":\"WebSite\",\"@id\":\"https:\\\/\\\/tourisme.rochefoucauld-perigord.fr\\\/en\\\/#website\",\"url\":\"https:\\\/\\\/tourisme.rochefoucauld-perigord.fr\\\/en\\\/\",\"name\":\"La Rochefoucauld (EN)\",\"description\":\"\",\"potentialAction\":[{\"@type\":\"SearchAction\",\"target\":{\"@type\":\"EntryPoint\",\"urlTemplate\":\"https:\\\/\\\/tourisme.rochefoucauld-perigord.fr\\\/en\\\/?s={search_term_string}\"},\"query-input\":{\"@type\":\"PropertyValueSpecification\",\"valueRequired\":true,\"valueName\":\"search_term_string\"}}],\"inLanguage\":\"en-GB\"}]}<\/script>\n<!-- \/ Yoast SEO plugin. -->","yoast_head_json":{"title":"Submit your event - La Rochefoucauld (EN)","description":"Organizer of events on La Rochefoucauld Porte du P\u00e9rigord, fill out a form online to appear on the website.","robots":{"index":"index","follow":"follow","max-snippet":"max-snippet:-1","max-image-preview":"max-image-preview:large","max-video-preview":"max-video-preview:-1"},"canonical":"https:\/\/preprod-tourisme.rochefoucauld-perigord.fr\/en\/submit-your-event\/","og_locale":"en_GB","og_type":"article","og_title":"Submit your event - La Rochefoucauld (EN)","og_description":"Organizer of events on La Rochefoucauld Porte du P\u00e9rigord, fill out a form online to appear on the website.","og_url":"https:\/\/preprod-tourisme.rochefoucauld-perigord.fr\/en\/submit-your-event\/","og_site_name":"La Rochefoucauld (EN)","article_modified_time":"2022-03-22T09:10:33+00:00","og_image":[{"width":2309,"height":1732,"url":"https:\/\/preprod-tourisme.rochefoucauld-perigord.fr\/en\/wp-content\/uploads\/sites\/2\/2021\/03\/agenda.jpg","type":"image\/jpeg"}],"twitter_card":"summary_large_image","twitter_misc":{"Estimated reading time":"1 minute"},"schema":{"@context":"https:\/\/schema.org","@graph":[{"@type":"WebPage","@id":"https:\/\/preprod-tourisme.rochefoucauld-perigord.fr\/en\/submit-your-event\/","url":"https:\/\/preprod-tourisme.rochefoucauld-perigord.fr\/en\/submit-your-event\/","name":"Submit your event - La Rochefoucauld (EN)","isPartOf":{"@id":"https:\/\/tourisme.rochefoucauld-perigord.fr\/en\/#website"},"primaryImageOfPage":{"@id":"https:\/\/preprod-tourisme.rochefoucauld-perigord.fr\/en\/submit-your-event\/#primaryimage"},"image":{"@id":"https:\/\/preprod-tourisme.rochefoucauld-perigord.fr\/en\/submit-your-event\/#primaryimage"},"thumbnailUrl":"https:\/\/tourisme.rochefoucauld-perigord.fr\/en\/wp-content\/uploads\/sites\/2\/2021\/03\/agenda.jpg","datePublished":"2021-04-20T06:11:45+00:00","dateModified":"2022-03-22T09:10:33+00:00","description":"Organizer of events on La Rochefoucauld Porte du P\u00e9rigord, fill out a form online to appear on the website.","inLanguage":"en-GB","potentialAction":[{"@type":"ReadAction","target":["https:\/\/preprod-tourisme.rochefoucauld-perigord.fr\/en\/submit-your-event\/"]}]},{"@type":"ImageObject","inLanguage":"en-GB","@id":"https:\/\/preprod-tourisme.rochefoucauld-perigord.fr\/en\/submit-your-event\/#primaryimage","url":"https:\/\/tourisme.rochefoucauld-perigord.fr\/en\/wp-content\/uploads\/sites\/2\/2021\/03\/agenda.jpg","contentUrl":"https:\/\/tourisme.rochefoucauld-perigord.fr\/en\/wp-content\/uploads\/sites\/2\/2021\/03\/agenda.jpg","width":2309,"height":1732},{"@type":"WebSite","@id":"https:\/\/tourisme.rochefoucauld-perigord.fr\/en\/#website","url":"https:\/\/tourisme.rochefoucauld-perigord.fr\/en\/","name":"La Rochefoucauld (EN)","description":"","potentialAction":[{"@type":"SearchAction","target":{"@type":"EntryPoint","urlTemplate":"https:\/\/tourisme.rochefoucauld-perigord.fr\/en\/?s={search_term_string}"},"query-input":{"@type":"PropertyValueSpecification","valueRequired":true,"valueName":"search_term_string"}}],"inLanguage":"en-GB"}]}},"_links":{"self":[{"href":"https:\/\/tourisme.rochefoucauld-perigord.fr\/en\/wp-json\/wp\/v2\/pages\/1242","targetHints":{"allow":["GET"]}}],"collection":[{"href":"https:\/\/tourisme.rochefoucauld-perigord.fr\/en\/wp-json\/wp\/v2\/pages"}],"about":[{"href":"https:\/\/tourisme.rochefoucauld-perigord.fr\/en\/wp-json\/wp\/v2\/types\/page"}],"author":[{"embeddable":true,"href":"https:\/\/tourisme.rochefoucauld-perigord.fr\/en\/wp-json\/wp\/v2\/users\/2"}],"replies":[{"embeddable":true,"href":"https:\/\/tourisme.rochefoucauld-perigord.fr\/en\/wp-json\/wp\/v2\/comments?post=1242"}],"version-history":[{"count":8,"href":"https:\/\/tourisme.rochefoucauld-perigord.fr\/en\/wp-json\/wp\/v2\/pages\/1242\/revisions"}],"predecessor-version":[{"id":1487,"href":"https:\/\/tourisme.rochefoucauld-perigord.fr\/en\/wp-json\/wp\/v2\/pages\/1242\/revisions\/1487"}],"wp:featuredmedia":[{"embeddable":true,"href":"https:\/\/tourisme.rochefoucauld-perigord.fr\/en\/wp-json\/wp\/v2\/media\/1000"}],"wp:attachment":[{"href":"https:\/\/tourisme.rochefoucauld-perigord.fr\/en\/wp-json\/wp\/v2\/media?parent=1242"}],"curies":[{"name":"wp","href":"https:\/\/api.w.org\/{rel}","templated":true}]}}